{"id":12,"date":"2020-07-16T12:34:43","date_gmt":"2020-07-16T12:34:43","guid":{"rendered":"http:\/\/mydev.h2g.pl\/be\/store2\/?page_id=12"},"modified":"2023-10-27T01:39:19","modified_gmt":"2023-10-27T01:39:19","slug":"sobre-nos","status":"publish","type":"page","link":"https:\/\/powerstrong.com.br\/index.php\/sobre-nos\/","title":{"rendered":"Sobre N\u00f3s"},"content":{"rendered":"\t\t<div data-elementor-type=\"wp-page\" data-elementor-id=\"12\" class=\"elementor elementor-12\" data-elementor-post-type=\"page\">\n\t\t\t\t\t\t<section class=\"elementor-section elementor-top-section elementor-element elementor-element-b2448a6 elementor-section-stretched elementor-section-full_width elementor-section-height-default elementor-section-height-default\" data-id=\"b2448a6\" data-element_type=\"section\" data-settings=\"{&quot;stretch_section&quot;:&quot;section-stretched&quot;}\">\n\t\t\t\t\t\t<div class=\"elementor-container elementor-column-gap-no\">\n\t\t\t\t\t<div class=\"elementor-column elementor-col-100 elementor-top-column elementor-element elementor-element-323c159\" data-id=\"323c159\" data-element_type=\"column\">\n\t\t\t<div class=\"elementor-widget-wrap elementor-element-populated\">\n\t\t\t\t\t\t<div class=\"elementor-element elementor-element-4afee86 elementor-widget elementor-widget-spacer\" data-id=\"4afee86\" data-element_type=\"widget\" data-widget_type=\"spacer.default\">\n\t\t\t\t<div class=\"elementor-widget-container\">\n\t\t\t\t\t<div class=\"elementor-spacer\">\n\t\t\t<div class=\"elementor-spacer-inner\"><\/div>\n\t\t<\/div>\n\t\t\t\t<\/div>\n\t\t\t\t<\/div>\n\t\t\t\t<div class=\"elementor-element elementor-element-fc7d82f elementor-widget elementor-widget-image\" data-id=\"fc7d82f\" data-element_type=\"widget\" data-widget_type=\"image.default\">\n\t\t\t\t<div class=\"elementor-widget-container\">\n\t\t\t\t\t\t\t\t\t\t\t\t\t<img fetchpriority=\"high\" decoding=\"async\" width=\"1200\" height=\"330\" src=\"https:\/\/powerstrong.com.br\/wp-content\/uploads\/2023\/10\/Sobre-nos-Fabrica.webp\" class=\"attachment-full size-full wp-image-980\" alt=\"Instala\u00e7\u00f5es para produ\u00e7\u00e3o de suplementos alimentares\" srcset=\"https:\/\/powerstrong.com.br\/wp-content\/uploads\/2023\/10\/Sobre-nos-Fabrica.webp 1200w, https:\/\/powerstrong.com.br\/wp-content\/uploads\/2023\/10\/Sobre-nos-Fabrica-500x138.webp 500w, https:\/\/powerstrong.com.br\/wp-content\/uploads\/2023\/10\/Sobre-nos-Fabrica-300x83.webp 300w, https:\/\/powerstrong.com.br\/wp-content\/uploads\/2023\/10\/Sobre-nos-Fabrica-768x211.webp 768w, https:\/\/powerstrong.com.br\/wp-content\/uploads\/2023\/10\/Sobre-nos-Fabrica-600x165.webp 600w\" sizes=\"(max-width: 1200px) 100vw, 1200px\" title=\"\">\t\t\t\t\t\t\t\t\t\t\t\t\t<\/div>\n\t\t\t\t<\/div>\n\t\t\t\t\t<\/div>\n\t\t<\/div>\n\t\t\t\t\t<\/div>\n\t\t<\/section>\n\t\t<div class=\"elementor-element elementor-element-42930e7 e-flex e-con-boxed e-con e-parent\" data-id=\"42930e7\" data-element_type=\"container\">\n\t\t\t\t\t<div class=\"e-con-inner\">\n\t\t\t\t<div class=\"elementor-element elementor-element-1e56023 elementor-widget elementor-widget-heading\" data-id=\"1e56023\" data-element_type=\"widget\" data-widget_type=\"heading.default\">\n\t\t\t\t<div class=\"elementor-widget-container\">\n\t\t\t<h3 class=\"elementor-heading-title elementor-size-default\">Sobre N\u00f3s<\/h3>\t\t<\/div>\n\t\t\t\t<\/div>\n\t\t\t\t\t<\/div>\n\t\t\t\t<\/div>\n\t\t<div class=\"elementor-element elementor-element-71a5f14 e-flex e-con-boxed e-con e-parent\" data-id=\"71a5f14\" data-element_type=\"container\">\n\t\t\t\t\t<div class=\"e-con-inner\">\n\t\t\t\t<div class=\"elementor-element elementor-element-0caba89 elementor-widget elementor-widget-text-editor\" data-id=\"0caba89\" data-element_type=\"widget\" data-widget_type=\"text-editor.default\">\n\t\t\t\t<div class=\"elementor-widget-container\">\n\t\t\t\t\t\t\t<p>\u00a0 \u00a0 \u00a0 A Power Strong \u00e9 uma empresa que nasceu com o intuito de melhorar a qualidade de vida das pessoas, utilizando nutrientes que s\u00e3o essenciais para a sa\u00fade humana. N\u00f3s ouvimos as opini\u00f5es de m\u00e9dicos especialistas no assunto e nos baseamos na literatura cient\u00edfica para a formula\u00e7\u00e3o dos suplementos.<\/p><p>\u00a0 \u00a0 A empresa \u00e9 dirigida por uma engenheira qu\u00edmica altamente qualificada, formada pela Universidade Federal de Vi\u00e7osa, mestre em Engenharia Qu\u00edmica e com MBA na Funda\u00e7\u00e3o Getulio Vargas. Ela dedicou-se de forma integral ao meio acad\u00eamico, no desenvolvimento de pesquisas, alinhando-se com o empreendedorismo da FGV.<\/p><p>\u00a0 \u00a0 Al\u00e9m disso, a opini\u00e3o m\u00e9dica \u00e9 essencial para saber onde se encontram os problemas mais comuns vivenciados no dia a dia de uma pessoa e como resolv\u00ea-los de forma satisfat\u00f3ria e precisa.<\/p>\t\t\t\t\t\t<\/div>\n\t\t\t\t<\/div>\n\t\t\t\t\t<\/div>\n\t\t\t\t<\/div>\n\t\t<div class=\"elementor-element elementor-element-c5f83c8 e-flex e-con-boxed e-con e-parent\" data-id=\"c5f83c8\" data-element_type=\"container\">\n\t\t\t\t\t<div class=\"e-con-inner\">\n\t\t\t\t<div class=\"elementor-element elementor-element-bedcbe5 elementor-hidden-mobile elementor-widget elementor-widget-image\" data-id=\"bedcbe5\" data-element_type=\"widget\" data-widget_type=\"image.default\">\n\t\t\t\t<div class=\"elementor-widget-container\">\n\t\t\t\t\t\t\t\t\t\t\t\t\t<img decoding=\"async\" src=\"https:\/\/powerstrong.com.br\/wp-content\/uploads\/2023\/10\/IMG_2739-scaled.jpg\" title=\"T-Energy Aberto com pilulas\" alt=\"T-Energy com pilulas arredor\" loading=\"lazy\" \/>\t\t\t\t\t\t\t\t\t\t\t\t\t<\/div>\n\t\t\t\t<\/div>\n\t\t\t\t<div class=\"elementor-element elementor-element-f4b4b8d elementor-hidden-desktop elementor-hidden-tablet elementor-widget elementor-widget-image\" data-id=\"f4b4b8d\" data-element_type=\"widget\" data-widget_type=\"image.default\">\n\t\t\t\t<div class=\"elementor-widget-container\">\n\t\t\t\t\t\t\t\t\t\t\t\t\t<img decoding=\"async\" src=\"https:\/\/powerstrong.com.br\/wp-content\/uploads\/2023\/10\/IMG_2739-scaled.jpg\" title=\"T-Energy Aberto com pilulas\" alt=\"T-Energy com pilulas arredor\" loading=\"lazy\" \/>\t\t\t\t\t\t\t\t\t\t\t\t\t<\/div>\n\t\t\t\t<\/div>\n\t\t\t\t\t<\/div>\n\t\t\t\t<\/div>\n\t\t<div class=\"elementor-element elementor-element-fddb6c2 e-flex e-con-boxed e-con e-parent\" data-id=\"fddb6c2\" data-element_type=\"container\">\n\t\t\t\t\t<div class=\"e-con-inner\">\n\t\t\t\t<div class=\"elementor-element elementor-element-0111450 elementor-widget elementor-widget-spacer\" data-id=\"0111450\" data-element_type=\"widget\" data-widget_type=\"spacer.default\">\n\t\t\t\t<div class=\"elementor-widget-container\">\n\t\t\t\t\t<div class=\"elementor-spacer\">\n\t\t\t<div class=\"elementor-spacer-inner\"><\/div>\n\t\t<\/div>\n\t\t\t\t<\/div>\n\t\t\t\t<\/div>\n\t\t\t\t\t<\/div>\n\t\t\t\t<\/div>\n\t\t\t\t<\/div>\n\t\t","protected":false},"excerpt":{"rendered":"<p>Sobre N\u00f3s A Power Strong \u00e9 uma empresa que nasceu com o intuito de melhorar a qualidade de vida das pessoas, utilizando nutrientes que s\u00e3o essenciais para a sa\u00fade humana. N\u00f3s ouvimos as opini\u00f5es de m\u00e9dicos especialistas no assunto e nos baseamos na literatura cient\u00edfica para a formula\u00e7\u00e3o dos suplementos. A empresa \u00e9 dirigida por [&hellip;]<\/p>\n","protected":false},"author":1,"featured_media":0,"parent":0,"menu_order":0,"comment_status":"open","ping_status":"closed","template":"","meta":{"footnotes":""},"class_list":["post-12","page","type-page","status-publish","hentry"],"_links":{"self":[{"href":"https:\/\/powerstrong.com.br\/index.php\/wp-json\/wp\/v2\/pages\/12"}],"collection":[{"href":"https:\/\/powerstrong.com.br\/index.php\/wp-json\/wp\/v2\/pages"}],"about":[{"href":"https:\/\/powerstrong.com.br\/index.php\/wp-json\/wp\/v2\/types\/page"}],"author":[{"embeddable":true,"href":"https:\/\/powerstrong.com.br\/index.php\/wp-json\/wp\/v2\/users\/1"}],"replies":[{"embeddable":true,"href":"https:\/\/powerstrong.com.br\/index.php\/wp-json\/wp\/v2\/comments?post=12"}],"version-history":[{"count":5,"href":"https:\/\/powerstrong.com.br\/index.php\/wp-json\/wp\/v2\/pages\/12\/revisions"}],"predecessor-version":[{"id":1203,"href":"https:\/\/powerstrong.com.br\/index.php\/wp-json\/wp\/v2\/pages\/12\/revisions\/1203"}],"wp:attachment":[{"href":"https:\/\/powerstrong.com.br\/index.php\/wp-json\/wp\/v2\/media?parent=12"}],"curies":[{"name":"wp","href":"https:\/\/api.w.org\/{rel}","templated":true}]}}