{"id":3,"date":"2020-07-16T12:26:12","date_gmt":"2020-07-16T12:26:12","guid":{"rendered":"http:\/\/mydev.h2g.pl\/be\/store2\/?page_id=3"},"modified":"2023-10-31T04:08:33","modified_gmt":"2023-10-31T04:08:33","slug":"politica-de-privacidade","status":"publish","type":"page","link":"https:\/\/powerstrong.com.br\/index.php\/politica-de-privacidade\/","title":{"rendered":"Politica de Privacidade, Entrega e Troca\/Devolucao"},"content":{"rendered":"\t\t<div data-elementor-type=\"wp-page\" data-elementor-id=\"3\" class=\"elementor elementor-3\" data-elementor-post-type=\"page\">\n\t\t\t\t<div class=\"elementor-element elementor-element-71bb3602 e-flex e-con-boxed e-con e-parent\" data-id=\"71bb3602\" data-element_type=\"container\">\n\t\t\t\t\t<div class=\"e-con-inner\">\n\t\t\t\t<div class=\"elementor-element elementor-element-a161e8b elementor-tabs-view-horizontal elementor-widget elementor-widget-tabs\" data-id=\"a161e8b\" data-element_type=\"widget\" data-widget_type=\"tabs.default\">\n\t\t\t\t<div class=\"elementor-widget-container\">\n\t\t\t\t\t<div class=\"elementor-tabs\">\n\t\t\t<div class=\"elementor-tabs-wrapper\" role=\"tablist\" >\n\t\t\t\t\t\t\t\t\t<div id=\"elementor-tab-title-1691\" class=\"elementor-tab-title elementor-tab-desktop-title\" aria-selected=\"true\" data-tab=\"1\" role=\"tab\" tabindex=\"0\" aria-controls=\"elementor-tab-content-1691\" aria-expanded=\"false\">Pol\u00edtica de Privacidade<\/div>\n\t\t\t\t\t\t\t\t\t<div id=\"elementor-tab-title-1692\" class=\"elementor-tab-title elementor-tab-desktop-title\" aria-selected=\"false\" data-tab=\"2\" role=\"tab\" tabindex=\"-1\" aria-controls=\"elementor-tab-content-1692\" aria-expanded=\"false\">Pol\u00edtica de Entrega<\/div>\n\t\t\t\t\t\t\t\t\t<div id=\"elementor-tab-title-1693\" class=\"elementor-tab-title elementor-tab-desktop-title\" aria-selected=\"false\" data-tab=\"3\" role=\"tab\" tabindex=\"-1\" aria-controls=\"elementor-tab-content-1693\" aria-expanded=\"false\">Pol\u00edtica de Troca e Devolu\u00e7\u00e3o<\/div>\n\t\t\t\t\t\t\t<\/div>\n\t\t\t<div class=\"elementor-tabs-content-wrapper\" role=\"tablist\" aria-orientation=\"vertical\">\n\t\t\t\t\t\t\t\t\t<div class=\"elementor-tab-title elementor-tab-mobile-title\" aria-selected=\"true\" data-tab=\"1\" role=\"tab\" tabindex=\"0\" aria-controls=\"elementor-tab-content-1691\" aria-expanded=\"false\">Pol\u00edtica de Privacidade<\/div>\n\t\t\t\t\t<div id=\"elementor-tab-content-1691\" class=\"elementor-tab-content elementor-clearfix\" data-tab=\"1\" role=\"tabpanel\" aria-labelledby=\"elementor-tab-title-1691\" tabindex=\"0\" hidden=\"false\"><h2 class=\"title is-block\">Pol\u00edtica de Privacidade<\/h2><ul><li>A sua privacidade \u00e9 importante para n\u00f3s. \u00c9 pol\u00edtica da POWER STRONG respeitar a sua privacidade em rela\u00e7\u00e3o a qualquer informa\u00e7\u00e3o sua que possamos coletar no site POWER STRONG, e outros sites que possu\u00edmos e operamos.<\/li><li>Solicitamos informa\u00e7\u00f5es pessoais apenas quando realmente precisamos delas para lhe fornecer um servi\u00e7o. Fazemo-lo por meios justos e legais, com o seu conhecimento e consentimento. Tamb\u00e9m informamos por que estamos coletando e como ser\u00e1 usado.<\/li><li>Apenas retemos as informa\u00e7\u00f5es coletadas pelo tempo necess\u00e1rio para fornecer o servi\u00e7o solicitado. Quando armazenamos dados, protegemos dentro de meios comercialmente aceit\u00e1veis \u200b\u200bpara evitar perdas e roubos, bem como acesso, divulga\u00e7\u00e3o, c\u00f3pia, uso ou modifica\u00e7\u00e3o n\u00e3o autorizados.<\/li><li>N\u00e3o compartilhamos informa\u00e7\u00f5es de identifica\u00e7\u00e3o pessoal publicamente ou com terceiros, exceto quando exigido por lei.<\/li><li>O nosso site pode ter links para sites externos que n\u00e3o s\u00e3o operados por n\u00f3s. Esteja ciente de que n\u00e3o temos controle sobre o conte\u00fado e pr\u00e1ticas desses sites e n\u00e3o podemos aceitar responsabilidade por suas respectivas pol\u00edticas de privacidade.<\/li><li>Voc\u00ea \u00e9 livre para recusar a nossa solicita\u00e7\u00e3o de informa\u00e7\u00f5es pessoais, entendendo que talvez n\u00e3o possamos fornecer alguns dos servi\u00e7os desejados.<\/li><li>O uso continuado de nosso site ser\u00e1 considerado como aceita\u00e7\u00e3o de nossas pr\u00e1ticas em torno de privacidade e informa\u00e7\u00f5es pessoais. Se voc\u00ea tiver alguma d\u00favida sobre como lidamos com dados do usu\u00e1rio e informa\u00e7\u00f5es pessoais, entre em contacto connosco.<\/li><li><h2>Pol\u00edtica de Cookies POWER STRONG<\/h2><\/li><li><h3>O que s\u00e3o cookies?<\/h3><\/li><li>Como \u00e9 pr\u00e1tica comum em quase todos os sites profissionais, este site usa cookies, que s\u00e3o pequenos arquivos baixados no seu computador, para melhorar sua experi\u00eancia. Esta p\u00e1gina descreve quais informa\u00e7\u00f5es eles coletam, como as usamos e por que \u00e0s vezes precisamos armazenar esses cookies. Tamb\u00e9m compartilharemos como voc\u00ea pode impedir que esses cookies sejam armazenados, no entanto, isso pode fazer o downgrade ou \u2018quebrar\u2019 certos elementos da funcionalidade do site.<\/li><li><h3>Como usamos os cookies?<\/h3><\/li><li>Utilizamos cookies por v\u00e1rios motivos, detalhados abaixo. Infelizmente, na maioria dos casos, n\u00e3o existem op\u00e7\u00f5es padr\u00e3o do setor para desativar os cookies sem desativar completamente a funcionalidade e os recursos que eles adicionam a este site. \u00c9 recomend\u00e1vel que voc\u00ea deixe todos os cookies se n\u00e3o tiver certeza se precisa ou n\u00e3o deles, caso sejam usados \u200b\u200bpara fornecer um servi\u00e7o que voc\u00ea usa.<\/li><li><h3>Desativar cookies<\/h3><\/li><li>Voc\u00ea pode impedir a configura\u00e7\u00e3o de cookies ajustando as configura\u00e7\u00f5es do seu navegador (consulte a Ajuda do navegador para saber como fazer isso). Esteja ciente de que a desativa\u00e7\u00e3o de cookies afetar\u00e1 a funcionalidade deste e de muitos outros sites que voc\u00ea visita. A desativa\u00e7\u00e3o de cookies geralmente resultar\u00e1 na desativa\u00e7\u00e3o de determinadas funcionalidades e recursos deste site. Portanto, \u00e9 recomend\u00e1vel que voc\u00ea n\u00e3o desative os cookies.<\/li><li><h3>Cookies que definimos<\/h3><\/li><li>Cookies relacionados \u00e0 conta<\/li><li>Se voc\u00ea criar uma conta conosco, usaremos cookies para o gerenciamento do processo de inscri\u00e7\u00e3o e administra\u00e7\u00e3o geral. Esses cookies geralmente ser\u00e3o exclu\u00eddos quando voc\u00ea sair do sistema, por\u00e9m, em alguns casos, eles poder\u00e3o permanecer posteriormente para lembrar as prefer\u00eancias do seu site ao sair.<\/li><li>Cookies relacionados ao login<\/li><li>Utilizamos cookies quando voc\u00ea est\u00e1 logado, para que possamos lembrar dessa a\u00e7\u00e3o. Isso evita que voc\u00ea precise fazer login sempre que visitar uma nova p\u00e1gina. Esses cookies s\u00e3o normalmente removidos ou limpos quando voc\u00ea efetua logout para garantir que voc\u00ea possa acessar apenas a recursos e \u00e1reas restritas ao efetuar login.<\/li><li>Cookies relacionados a boletins por e-mail<\/li><li>Este site oferece servi\u00e7os de assinatura de boletim informativo ou e-mail e os cookies podem ser usados \u200b\u200bpara lembrar se voc\u00ea j\u00e1 est\u00e1 registrado e se deve mostrar determinadas notifica\u00e7\u00f5es v\u00e1lidas apenas para usu\u00e1rios inscritos \/ n\u00e3o inscritos.<\/li><li>Pedidos processando cookies relacionados<\/li><li>Este site oferece facilidades de com\u00e9rcio eletr\u00f4nico ou pagamento e alguns cookies s\u00e3o essenciais para garantir que seu pedido seja lembrado entre as p\u00e1ginas, para que possamos process\u00e1-lo adequadamente.<\/li><li>Cookies relacionados a pesquisas<\/li><li>Periodicamente, oferecemos pesquisas e question\u00e1rios para fornecer informa\u00e7\u00f5es interessantes, ferramentas \u00fateis ou para entender nossa base de usu\u00e1rios com mais precis\u00e3o. Essas pesquisas podem usar cookies para lembrar quem j\u00e1 participou numa pesquisa ou para fornecer resultados precisos ap\u00f3s a altera\u00e7\u00e3o das p\u00e1ginas.<\/li><li>Cookies relacionados a formul\u00e1rios<\/li><li>Quando voc\u00ea envia dados por meio de um formul\u00e1rio como os encontrados nas p\u00e1ginas de contato ou nos formul\u00e1rios de coment\u00e1rios, os cookies podem ser configurados para lembrar os detalhes do usu\u00e1rio para correspond\u00eancia futura.<\/li><li>Cookies de prefer\u00eancias do site<\/li><li>Para proporcionar uma \u00f3tima experi\u00eancia neste site, fornecemos a funcionalidade para definir suas prefer\u00eancias de como esse site \u00e9 executado quando voc\u00ea o usa. Para lembrar suas prefer\u00eancias, precisamos definir cookies para que essas informa\u00e7\u00f5es possam ser chamadas sempre que voc\u00ea interagir com uma p\u00e1gina for afetada por suas prefer\u00eancias.<\/li><li><h3>Cookies de Terceiros<\/h3><\/li><li>Em alguns casos especiais, tamb\u00e9m usamos cookies fornecidos por terceiros confi\u00e1veis. A se\u00e7\u00e3o a seguir detalha quais cookies de terceiros voc\u00ea pode encontrar atrav\u00e9s deste site.<\/li><li>Este site usa o Google Analytics, que \u00e9 uma das solu\u00e7\u00f5es de an\u00e1lise mais difundidas e confi\u00e1veis \u200b\u200bda Web, para nos ajudar a entender como voc\u00ea usa o site e como podemos melhorar sua experi\u00eancia. Esses cookies podem rastrear itens como quanto tempo voc\u00ea gasta no site e as p\u00e1ginas visitadas, para que possamos continuar produzindo conte\u00fado atraente.<\/li><li>Para mais informa\u00e7\u00f5es sobre cookies do Google Analytics, consulte a p\u00e1gina oficial do Google Analytics.<\/li><li>As an\u00e1lises de terceiros s\u00e3o usadas para rastrear e medir o uso deste site, para que possamos continuar produzindo conte\u00fado atrativo. Esses cookies podem rastrear itens como o tempo que voc\u00ea passa no site ou as p\u00e1ginas visitadas, o que nos ajuda a entender como podemos melhorar o site para voc\u00ea.<\/li><li>Periodicamente, testamos novos recursos e fazemos altera\u00e7\u00f5es sutis na maneira como o site se apresenta. Quando ainda estamos testando novos recursos, esses cookies podem ser usados \u200b\u200bpara garantir que voc\u00ea receba uma experi\u00eancia consistente enquanto estiver no site, enquanto entendemos quais otimiza\u00e7\u00f5es os nossos usu\u00e1rios mais apreciam.<\/li><li>\u00c0 medida que vendemos produtos, \u00e9 importante entendermos as estat\u00edsticas sobre quantos visitantes de nosso site realmente compram e, portanto, esse \u00e9 o tipo de dados que esses cookies rastrear\u00e3o. Isso \u00e9 importante para voc\u00ea, pois significa que podemos fazer previs\u00f5es de neg\u00f3cios com precis\u00e3o que nos permitem analizar nossos custos de publicidade e produtos para garantir o melhor pre\u00e7o poss\u00edvel.<\/li><li><h3>Compromisso do Usu\u00e1rio<\/h3><\/li><li>O usu\u00e1rio se compromete a fazer uso adequado dos conte\u00fados e da informa\u00e7\u00e3o que o POWER STRONG oferece no site e com car\u00e1ter enunciativo, mas n\u00e3o limitativo:<\/li><li>A) N\u00e3o se envolver em atividades que sejam ilegais ou contr\u00e1rias \u00e0 boa f\u00e9 a \u00e0 ordem p\u00fablica;<\/li><li>B) N\u00e3o difundir propaganda ou conte\u00fado de natureza racista, xenof\u00f3bica, ou sobre cassinos, casas de apostas online (ex.: Betano), jogos de sorte e azar, qualquer tipo de pornografia ilegal, de apologia ao terrorismo ou contra os direitos humanos;<\/li><li>C) N\u00e3o causar danos aos sistemas f\u00edsicos (hardwares) e l\u00f3gicos (softwares) da POWER STRONG , de seus fornecedores ou terceiros, para introduzir ou disseminar v\u00edrus inform\u00e1ticos ou quaisquer outros sistemas de hardware ou software que sejam capazes de causar danos anteriormente mencionados.<\/li><li><h3>Mais informa\u00e7\u00f5es<\/h3><\/li><li>Esperemos que esteja esclarecido e, como mencionado anteriormente, se houver algo que voc\u00ea n\u00e3o tem certeza se precisa ou n\u00e3o, geralmente \u00e9 mais seguro deixar os cookies ativados, caso interaja com um dos recursos que voc\u00ea usa em nosso site.<\/li><li>Esta pol\u00edtica \u00e9 efetiva a partir de Outubro\/2023.<\/li><\/ul><\/div>\n\t\t\t\t\t\t\t\t\t<div class=\"elementor-tab-title elementor-tab-mobile-title\" aria-selected=\"false\" data-tab=\"2\" role=\"tab\" tabindex=\"-1\" aria-controls=\"elementor-tab-content-1692\" aria-expanded=\"false\">Pol\u00edtica de Entrega<\/div>\n\t\t\t\t\t<div id=\"elementor-tab-content-1692\" class=\"elementor-tab-content elementor-clearfix\" data-tab=\"2\" role=\"tabpanel\" aria-labelledby=\"elementor-tab-title-1692\" tabindex=\"0\" hidden=\"hidden\"><h2 class=\"title is-block\">Pol\u00edtica de Entrega<\/h2><ul><li>\u00c9 poss\u00edvel calcular o prazo de entrega e o valor do frete atrav\u00e9s do nosso SIMULADOR DE FRETE, dispon\u00edvel na p\u00e1gina do produto ou diretamente no carrinho de compras.<\/li><li>IMPORTANTE: temos um prazo m\u00e9dio de 2 dias \u00fateis para processamento interno do pedido \u2013 separa\u00e7\u00e3o do produto, confer\u00eancia, embalagem e postagem. Os prazos informados nas op\u00e7\u00f5es de frete contam a partir do momento da entrega \u00e0s transportadoras.<\/li><li>Em situa\u00e7\u00f5es normais, os produtos s\u00e3o postados no mesmo dia ou no pr\u00f3ximo dia \u00fatil. Em situa\u00e7\u00f5es especiais \u2013 grandes promo\u00e7\u00f5es ou datas comemorativas \u2013 o prazo pode ser estendido e os clientes, avisados.<\/li><li>Nossas op\u00e7\u00f5es de frete s\u00e3o:<ul><li>Via CORREIOS por SEDEX: Prazo de 2 \u00e0 5 dias \u00fateis (dependendo da localidade) ap\u00f3s o prazo de processamento do pedido.<\/li><li>Via CORREIOS por PAC: Prazo de 7 \u00e0 26 dias (dependendo da localidade) ap\u00f3s o prazo de processamento do pedido.<\/li><\/ul><\/li><\/ul><ul><li>O c\u00f3digo de rastreamento do pacote ser\u00e1 enviado automaticamente ao e-mail cadastrado. Caso o rastreio n\u00e3o funcione no mesmo dia, n\u00e3o se preocupe: \u00e0s vezes as transportadoras demoram 1 ou 2 dias para ativ\u00e1-lo, mas o c\u00f3digo est\u00e1 correto.<\/li><li>\u00c1reas com restri\u00e7\u00e3o de entrega domiciliar: os Correios n\u00e3o efetuam a entrega domiciliar em algumas cidades, em \u00e1rea rural, logradouros de dif\u00edcil acesso ou com riscos. Para estes casos, eles enviam os objetos para a unidade mais pr\u00f3xima do endere\u00e7o do destinat\u00e1rio.<\/li><li>Caso tenha qualquer d\u00favida, entre em contato conosco atrav\u00e9s do e-mail: sac@powerstrong.com.br<\/li><\/ul><\/div>\n\t\t\t\t\t\t\t\t\t<div class=\"elementor-tab-title elementor-tab-mobile-title\" aria-selected=\"false\" data-tab=\"3\" role=\"tab\" tabindex=\"-1\" aria-controls=\"elementor-tab-content-1693\" aria-expanded=\"false\">Pol\u00edtica de Troca e Devolu\u00e7\u00e3o<\/div>\n\t\t\t\t\t<div id=\"elementor-tab-content-1693\" class=\"elementor-tab-content elementor-clearfix\" data-tab=\"3\" role=\"tabpanel\" aria-labelledby=\"elementor-tab-title-1693\" tabindex=\"0\" hidden=\"hidden\"><h2>1. Pol\u00edticas de troca, cancelamento e arrependimento<\/h2><p>A Power Strong preza pela satisfa\u00e7\u00e3o e felicidade dos seus clientes ao ter cuidado em produzir apenas produtos de alta qualidade, com tecnologia avan\u00e7ada e de ponta.<\/p><p>Por isso, em considera\u00e7\u00e3o aos nossos clientes e com vista \u00e0 alcan\u00e7ar um bom relacionamento, para mantermos a mesma credibilidade e cuidado, criamos uma pol\u00edtica de devolu\u00e7\u00e3o e troca baseada nos dispositivos do C\u00f3digo de Defesa do Consumidor.<\/p><p>As regras s\u00e3o bem simples e pr\u00e1ticas. Nas compras realizadas pelo site Power Strong, ou seja, fora de estabelecimento comercial, caso o cliente se arrependa, desista da compra, ou o produto seja recebido com algum defeito, o comprador deve entrar em contato com a Power Strong atrav\u00e9s do SAC: sac@powerstrong.com.br, dentro do prazo de at\u00e9 7 dias corridos, contados a partir da data que o produto foi recebido pelo cliente.<\/p><p>O cliente deve entrar em contato por meio do envio de correspond\u00eancia eletr\u00f4nica, e deve no corpo do texto seus dados pessoais (nome e CPF) e o n\u00famero do pedido efetuado.<\/p><p>Ao efetuar esse processo de devolu\u00e7\u00e3o, o cliente deve colocar, no verso da nota fiscal do produto, o motivo pelo qual optou realizar a devolu\u00e7\u00e3o. Al\u00e9m disso, tamb\u00e9m deve constar a data de devolu\u00e7\u00e3o e o nome de quem est\u00e1 devolvendo juntamente ao seu CPF.<\/p><p>Observa\u00e7\u00e3o: n\u00e3o ser\u00e3o aceitas devolu\u00e7\u00f5es que n\u00e3o possuam a nota fiscal acompanhada da descri\u00e7\u00e3o do motivo e\/ou sem o comunica\u00e7\u00e3o pr\u00e9via da solicita\u00e7\u00e3o da devolu\u00e7\u00e3o.<\/p><p>Nessa circunst\u00e2ncia, devem ser levadas em considera\u00e7\u00e3o as seguintes condi\u00e7\u00f5es:<\/p><ul><li>O produto n\u00e3o pode ter evid\u00eancias que foi aberto ou ter ind\u00edcios de uso;<\/li><li>O produto deve ser encaminhado, preferencialmente, na embalagem original, acompanhado de nota fiscal, etiquetas e tags de identifica\u00e7\u00e3o.<\/li><\/ul><h2>2. Endere\u00e7o e frete da devolu\u00e7\u00e3o<\/h2><p>Para fazer a devolu\u00e7\u00e3o do produto, o cliente deve encaminhar o produto para o endere\u00e7o enviado no e-mail;<\/p><p>Nesse caso, o frete da devolu\u00e7\u00e3o do produto ser\u00e1 custeado pela Power Strong;<\/p><p>Mais uma vez, \u00e9 essencial que o produto n\u00e3o tenha evid\u00eancias que foi aberto ou qualquer ind\u00edcio de uso.<\/p><h2>Pol\u00edtica de Reenvio &amp; Altera\u00e7\u00f5es<\/h2><ul><li>A nota fiscal reflete os dados do cliente exatamente do jeito que foi preenchido no site. Confira os dados e o endere\u00e7o para que n\u00e3o ocorram erros na entrega do seu pedido.<\/li><li>Caso necessite de alguma altera\u00e7\u00e3o das informa\u00e7\u00f5es na nota fiscal, incluindo no endere\u00e7o de entrega, pedimos que entre em contato o mais r\u00e1pido poss\u00edvel atrav\u00e9s do e-mail sac@powerstrong.com.br.<\/li><li>Caso o contato referido anteriormente ocorrer 24h ap\u00f3s a emiss\u00e3o da nota fiscal, as altera\u00e7\u00f5es estar\u00e3o sujeitas a cobran\u00e7a.<\/li><li>Caso o endere\u00e7o informado tenha sido preenchido incorretamente pelo cliente e o produto j\u00e1 esteja em m\u00e3os da transportadora, os custos de reenvio ser\u00e3o da responsabilidade do cliente.<\/li><li>Caso n\u00e3o consigamos realizar a entrega, por aus\u00eancia de destinat\u00e1rio, as transportadoras tentar\u00e3o realizar a entrega mais duas vezes.<\/li><li>Caso o produto volte ao remetente (para a Power Strong), o valor de reenvio ser\u00e1 de responsabilidade do cliente.<\/li><li>Caso o erro seja nosso (da Power Strong) ou da transportadora, o pedido ser\u00e1 reenviado sem custos adicionais.<\/li><li>Em caso de extravio ou roubo da carga, o pedido ser\u00e1 reenviado sem custos adicionais.<\/li><li>Outras situa\u00e7\u00f5es ser\u00e3o analisadas internamente pela Sublyme. Pedimos que em caso de d\u00favidas, entre em contato conosco atrav\u00e9s do e-mail sac@powerstrong.com.br.<\/li><\/ul><\/div>\n\t\t\t\t\t\t\t<\/div>\n\t\t<\/div>\n\t\t\t\t<\/div>\n\t\t\t\t<\/div>\n\t\t\t\t\t<\/div>\n\t\t\t\t<\/div>\n\t\t\t\t<\/div>\n\t\t","protected":false},"excerpt":{"rendered":"<p>Pol\u00edtica de Privacidade Pol\u00edtica de Entrega Pol\u00edtica de Troca e Devolu\u00e7\u00e3o Pol\u00edtica de Privacidade Pol\u00edtica de Privacidade A sua privacidade \u00e9 importante para n\u00f3s. \u00c9 pol\u00edtica da POWER STRONG respeitar a sua privacidade em rela\u00e7\u00e3o a qualquer informa\u00e7\u00e3o sua que possamos coletar no site POWER STRONG, e outros sites que possu\u00edmos e operamos. Solicitamos informa\u00e7\u00f5es [&hellip;]<\/p>\n","protected":false},"author":1,"featured_media":0,"parent":0,"menu_order":0,"comment_status":"open","ping_status":"closed","template":"","meta":{"footnotes":""},"class_list":["post-3","page","type-page","status-publish","hentry"],"_links":{"self":[{"href":"https:\/\/powerstrong.com.br\/index.php\/wp-json\/wp\/v2\/pages\/3"}],"collection":[{"href":"https:\/\/powerstrong.com.br\/index.php\/wp-json\/wp\/v2\/pages"}],"about":[{"href":"https:\/\/powerstrong.com.br\/index.php\/wp-json\/wp\/v2\/types\/page"}],"author":[{"embeddable":true,"href":"https:\/\/powerstrong.com.br\/index.php\/wp-json\/wp\/v2\/users\/1"}],"replies":[{"embeddable":true,"href":"https:\/\/powerstrong.com.br\/index.php\/wp-json\/wp\/v2\/comments?post=3"}],"version-history":[{"count":1,"href":"https:\/\/powerstrong.com.br\/index.php\/wp-json\/wp\/v2\/pages\/3\/revisions"}],"predecessor-version":[{"id":1183,"href":"https:\/\/powerstrong.com.br\/index.php\/wp-json\/wp\/v2\/pages\/3\/revisions\/1183"}],"wp:attachment":[{"href":"https:\/\/powerstrong.com.br\/index.php\/wp-json\/wp\/v2\/media?parent=3"}],"curies":[{"name":"wp","href":"https:\/\/api.w.org\/{rel}","templated":true}]}}